{"id":96,"date":"2018-07-10T10:10:14","date_gmt":"2018-07-10T10:10:14","guid":{"rendered":"https:\/\/jardinerosdecantabria.com\/?page_id=96"},"modified":"2018-07-10T10:12:21","modified_gmt":"2018-07-10T10:12:21","slug":"alvarez-salmon-jardineria","status":"publish","type":"page","link":"https:\/\/jardinerosdecantabria.com\/?page_id=96","title":{"rendered":"\u00c1LVAREZ SALM\u00d3N JARDINER\u00cdA"},"content":{"rendered":"<h2>\u00c1LVAREZ SALM\u00d3N JARDINER\u00cdA<\/h2>\n<p>Ana Rosa Salm\u00f3n Eguren<br \/>\nC\/ MANUEL \u00c1VILA N\u00ba 6<br \/>\nRENEDO DE PI\u00c9LAGOS<br \/>\n39470<br \/>\n615 21 92 74<br \/>\nanasalmon@ono.com<\/p>\n<p><iframe loading=\"lazy\" style=\"border: 0;\" src=\"https:\/\/www.google.com\/maps\/embed?pb=!1m14!1m8!1m3!1d2901.1660135519132!2d-3.9512544!3d43.3526379!3m2!1i1024!2i768!4f13.1!3m3!1m2!1s0xd493976a467cff5%3A0x3057ac7c552a4e28!2sCalle+Manuel+%C3%81vila%2C+6%2C+39470+Renedo+de+Pi%C3%A9lagos%2C+Cantabria!5e0!3m2!1ses!2ses!4v1530180544394\" width=\"600\" height=\"450\" frameborder=\"0\" allowfullscreen=\"allowfullscreen\"><\/iframe><\/p>\n","protected":false},"excerpt":{"rendered":"<p>\u00c1LVAREZ SALM\u00d3N JARDINER\u00cdA Ana Rosa Salm\u00f3n Eguren C\/ MANUEL \u00c1VILA N\u00ba 6 RENEDO DE PI\u00c9LAGOS 39470 615 21 92 74 &hellip; <a href=\"https:\/\/jardinerosdecantabria.com\/?page_id=96\" class=\"more-link\">Continue reading <span class=\"screen-reader-text\">\u00c1LVAREZ SALM\u00d3N JARDINER\u00cdA<\/span><\/a><\/p>\n","protected":false},"author":1,"featured_media":0,"parent":0,"menu_order":0,"comment_status":"closed","ping_status":"closed","template":"page-templates\/no-sidebar.php","meta":{"jetpack_post_was_ever_published":false,"footnotes":""},"class_list":["post-96","page","type-page","status-publish","hentry"],"jetpack_sharing_enabled":true,"jetpack_shortlink":"https:\/\/wp.me\/Pa44ln-1y","_links":{"self":[{"href":"https:\/\/jardinerosdecantabria.com\/index.php?rest_route=\/wp\/v2\/pages\/96","targetHints":{"allow":["GET"]}}],"collection":[{"href":"https:\/\/jardinerosdecantabria.com\/index.php?rest_route=\/wp\/v2\/pages"}],"about":[{"href":"https:\/\/jardinerosdecantabria.com\/index.php?rest_route=\/wp\/v2\/types\/page"}],"author":[{"embeddable":true,"href":"https:\/\/jardinerosdecantabria.com\/index.php?rest_route=\/wp\/v2\/users\/1"}],"replies":[{"embeddable":true,"href":"https:\/\/jardinerosdecantabria.com\/index.php?rest_route=%2Fwp%2Fv2%2Fcomments&post=96"}],"version-history":[{"count":1,"href":"https:\/\/jardinerosdecantabria.com\/index.php?rest_route=\/wp\/v2\/pages\/96\/revisions"}],"predecessor-version":[{"id":97,"href":"https:\/\/jardinerosdecantabria.com\/index.php?rest_route=\/wp\/v2\/pages\/96\/revisions\/97"}],"wp:attachment":[{"href":"https:\/\/jardinerosdecantabria.com\/index.php?rest_route=%2Fwp%2Fv2%2Fmedia&parent=96"}],"curies":[{"name":"wp","href":"https:\/\/api.w.org\/{rel}","templated":true}]}}