{"id":59,"date":"2018-07-10T09:02:27","date_gmt":"2018-07-10T09:02:27","guid":{"rendered":"https:\/\/jardinerosdecantabria.com\/?page_id=59"},"modified":"2026-03-04T18:12:51","modified_gmt":"2026-03-04T18:12:51","slug":"empresas-asociadas","status":"publish","type":"page","link":"https:\/\/jardinerosdecantabria.com\/?page_id=59","title":{"rendered":"Empresas asociadas"},"content":{"rendered":"<h2>Empresas Integradas en AJAC<\/h2>\n<table  class=\" table table-hover\" border=\"0\" width=\"95%\">\n<tbody>\n<tr>\n<td><a href=\"https:\/\/jardinerosdecantabria.com\/?page_id=183\">JARDINER\u00cdA MILENIUM<\/a><br \/>\nTorrelavega<\/td>\n<td><a href=\"https:\/\/jardinerosdecantabria.com\/?page_id=125\">DAVID CUEVAS SANDOVAL<\/a><br \/>\nSantillana del Mar<\/td>\n<\/tr>\n<tr>\n<td><a href=\"https:\/\/jardinerosdecantabria.com\/?page_id=168\">JARDINER\u00cdA CASTA\u00d1EDA<\/a><br \/>\nCasta\u00f1eda<\/td>\n<td><a href=\"https:\/\/jardinerosdecantabria.com\/?page_id=189\">JARDINERIA PEDRO<\/a><br \/>\nSobremazas<\/td>\n<\/tr>\n<tr>\n<td><a href=\"https:\/\/jardinerosdecantabria.com\/?page_id=218\">QUERCUS MANTENIMIENTO DE JARDINES<\/a><br \/>\nSantander<\/td>\n<td><a href=\"https:\/\/jardinerosdecantabria.com\/?page_id=92\">AGGREY PHILEMON KAMSINI<\/a><br \/>\nHinojedo<\/td>\n<\/tr>\n<tr>\n<td><a href=\"https:\/\/jardinerosdecantabria.com\/?page_id=502\">APICAL ARBORICULTURA<\/a><br \/>\nArce<\/td>\n<td><a href=\"https:\/\/jardinerosdecantabria.com\/?page_id=103\">ARGOMA AJO<\/a><br \/>\nAjo<\/td>\n<\/tr>\n<tr>\n<td><a href=\"https:\/\/jardinerosdecantabria.com\/?page_id=333\">ARBOLSAN ARBORICULTURA<\/a><br \/>\nSantander<\/td>\n<td><a href=\"https:\/\/jardinerosdecantabria.com\/?page_id=107\">ASISPROJECTS SERVICIOS INTEGRALES<\/a><br \/>\nSuesa<\/td>\n<\/tr>\n<tr>\n<td><a href=\"https:\/\/jardinerosdecantabria.com\/?page_id=116\">C\u00c1RCOBA MANTENIMIENTO<\/a><br \/>\nCarriazo<\/td>\n<td><a href=\"https:\/\/jardinerosdecantabria.com\/?page_id=443\">DAMALIA SERVICIOS DE JARDINER\u00cdA<\/a><br \/>\nMuriedas<\/td>\n<\/tr>\n<tr>\n<td><a href=\"https:\/\/jardinerosdecantabria.com\/?page_id=128\">ECOJARDIN<\/a><br \/>\nRequejada<\/td>\n<td><a href=\"https:\/\/jardinerosdecantabria.com\/?page_id=338\">EL JARD\u00cdN DE EME<\/a><br \/>\nAjo<\/td>\n<\/tr>\n<tr>\n<td><a href=\"https:\/\/jardinerosdecantabria.com\/?page_id=136\">ENRIQUE L\u00d3PEZ G\u00d3MEZ<\/a><br \/>\nCobreces<\/td>\n<td><a href=\"https:\/\/jardinerosdecantabria.com\/?page_id=437\">FERNANDO SANTAMAR\u00cdA<\/a><br \/>\nRevilla de Camargo<\/td>\n<\/tr>\n<tr>\n<td><a href=\"https:\/\/jardinerosdecantabria.com\/?page_id=529\">GABRIEL FIONN GR\u00d6BER<\/a><br \/>\nLos Corrales de Buelna<\/td>\n<td><a href=\"https:\/\/jardinerosdecantabria.com\/?page_id=478\">INGENIA JARD\u00cdN<\/a><br \/>\nSantander<\/td>\n<\/tr>\n<tr>\n<td><a href=\"https:\/\/jardinerosdecantabria.com\/?page_id=156\">JARDICAN MAZCUERRAS<\/a><br \/>\nMazcuerras<\/td>\n<td><a href=\"https:\/\/jardinerosdecantabria.com\/?page_id=162\">JARDINER\u00cdA BRAVO<\/a><br \/>\nSantander<\/td>\n<\/tr>\n<tr>\n<td><a href=\"https:\/\/jardinerosdecantabria.com\/?page_id=171\">JARDINER\u00cdA DE LA OSA<\/a><br \/>\nSan Felices de Buelna<\/td>\n<td><a href=\"https:\/\/jardinerosdecantabria.com\/?page_id=421\">JARDINER\u00cdA DYMAR<\/a><br \/>\nLimpias<\/td>\n<\/tr>\n<tr>\n<td><a href=\"https:\/\/jardinerosdecantabria.com\/?page_id=513\">JARDINER\u00cdA ECO DAVID<\/a><br \/>\nLimpias<\/td>\n<td><a href=\"https:\/\/jardinerosdecantabria.com\/?page_id=209\">JARDINER\u00cdA INTEGRAL MUNDO JARD\u00cdN<\/a><br \/>\nLi\u00e9rganes<\/td>\n<\/tr>\n<tr>\n<td><a href=\"https:\/\/jardinerosdecantabria.com\/?page_id=180\">JARDINER\u00cdA JULIA<\/a><br \/>\nComillas<\/td>\n<td><a href=\"https:\/\/jardinerosdecantabria.com\/?page_id=186\">JARDINER\u00cdA OCEME<\/a><br \/>\nSantander<\/td>\n<\/tr>\n<tr>\n<td><a href=\"https:\/\/jardinerosdecantabria.com\/?page_id=196\">JARDINES DEL TEIDE<\/a><br \/>\nTorres<\/td>\n<td><a href=\"https:\/\/jardinerosdecantabria.com\/?page_id=202\">LOS VALLES JARDINER\u00cdA<\/a><br \/>\nVoto<\/td>\n<\/tr>\n<tr>\n<td><a href=\"https:\/\/jardinerosdecantabria.com\/?page_id=205\">MADRESELVA<\/a><br \/>\nTorrelavega<\/td>\n<td><a href=\"https:\/\/jardinerosdecantabria.com\/?page_id=215\">PODA EN ALTURA CANTABRIA<\/a><br \/>\nSantillana del Mar<\/td>\n<\/tr>\n<tr>\n<td><a href=\"https:\/\/jardinerosdecantabria.com\/?page_id=215\">RA\u00daL AJA ALONSO<\/a><br \/>\nRenedo de Pi\u00e9lagos<\/td>\n<td><a href=\"https:\/\/jardinerosdecantabria.com\/?page_id=476\">SERVICIOS AMI<\/a><br \/>\nTorrelavega<\/td>\n<\/tr>\n<tr>\n<td><a href=\"https:\/\/jardinerosdecantabria.com\/?page_id=227\">TU JARD\u00cdN<\/a><br \/>\nSantander<\/td>\n<td><a href=\"https:\/\/jardinerosdecantabria.com\/?page_id=231\">VIARPLANT CUBAS<\/a><br \/>\nCubas<\/td>\n<\/tr>\n<tr>\n<td><a href=\"https:\/\/jardinerosdecantabria.com\/?page_id=234\">VIVEROS LA LLOSA<\/a><br \/>\nCabez\u00f3n de la Sal<\/td>\n<td><\/td>\n<\/tr>\n<\/tbody>\n<\/table>\n<h3>SOCIOS PATROCINADORES<\/h3>\n<ul>\n<li><a href=\"https:\/\/jardinerosdecantabria.com\/?page_id=122\">COMERCIAL NORTE AGROCAMPO S.L.<\/a><br \/>\nAdal-Treto<\/li>\n<li><a href=\"https:\/\/jardinerosdecantabria.com\/?page_id=147\">GAVIRA MAQUINARIA S.L.<\/a><br \/>\nZurita<\/li>\n<li><a href=\"https:\/\/jardinerosdecantabria.com\/?page_id=224\">TALLERES JOS\u00c9 LUIS MAQUINARIA AGR\u00cdCOLA S.L.<\/a><br \/>\nVargas<\/li>\n<li><a href=\"https:\/\/jardinerosdecantabria.com\/?page_id=221\">AGR\u00cdCOLA Y REMOLQUES ESVA S.L.<\/a><br \/>\nVargas<\/li>\n<li><a href=\"https:\/\/jardinerosdecantabria.com\/?page_id=113\">C\u00c1NTABRA DE TURBA S.C.L.<\/a><br \/>\nPolanco<\/li>\n<li><a href=\"https:\/\/jardinerosdecantabria.com\/?page_id=144\">GANESH GROW S.L.<\/a><br \/>\nTorrelavega \/ Santander<\/li>\n<li><a href=\"https:\/\/jardinerosdecantabria.com\/?page_id=310\">COMERCIAL ESCALLADA<\/a><br \/>\nSantander<\/li>\n<li><a href=\"https:\/\/jardinerosdecantabria.com\/?page_id=360\">AGRO-RECAMBIOS CABEZ\u00d3N<\/a><br \/>\nCabez\u00f3n de la Sal<\/li>\n<li><a href=\"https:\/\/jardinerosdecantabria.com\/?page_id=369\">RIVERSA<\/a><br \/>\nMarbella &#8211; M\u00e1laga<\/li>\n<\/ul>\n","protected":false},"excerpt":{"rendered":"<p>Empresas Integradas en AJAC JARDINER\u00cdA MILENIUM Torrelavega DAVID CUEVAS SANDOVAL Santillana del Mar JARDINER\u00cdA CASTA\u00d1EDA Casta\u00f1eda JARDINERIA PEDRO Sobremazas QUERCUS &hellip; <a href=\"https:\/\/jardinerosdecantabria.com\/?page_id=59\" class=\"more-link\">Continue reading <span class=\"screen-reader-text\">Empresas asociadas<\/span><\/a><\/p>\n","protected":false},"author":1,"featured_media":0,"parent":0,"menu_order":0,"comment_status":"closed","ping_status":"closed","template":"page-templates\/full-width.php","meta":{"jetpack_post_was_ever_published":false,"footnotes":""},"class_list":["post-59","page","type-page","status-publish","hentry"],"jetpack_sharing_enabled":true,"jetpack_shortlink":"https:\/\/wp.me\/Pa44ln-X","_links":{"self":[{"href":"https:\/\/jardinerosdecantabria.com\/index.php?rest_route=\/wp\/v2\/pages\/59","targetHints":{"allow":["GET"]}}],"collection":[{"href":"https:\/\/jardinerosdecantabria.com\/index.php?rest_route=\/wp\/v2\/pages"}],"about":[{"href":"https:\/\/jardinerosdecantabria.com\/index.php?rest_route=\/wp\/v2\/types\/page"}],"author":[{"embeddable":true,"href":"https:\/\/jardinerosdecantabria.com\/index.php?rest_route=\/wp\/v2\/users\/1"}],"replies":[{"embeddable":true,"href":"https:\/\/jardinerosdecantabria.com\/index.php?rest_route=%2Fwp%2Fv2%2Fcomments&post=59"}],"version-history":[{"count":102,"href":"https:\/\/jardinerosdecantabria.com\/index.php?rest_route=\/wp\/v2\/pages\/59\/revisions"}],"predecessor-version":[{"id":533,"href":"https:\/\/jardinerosdecantabria.com\/index.php?rest_route=\/wp\/v2\/pages\/59\/revisions\/533"}],"wp:attachment":[{"href":"https:\/\/jardinerosdecantabria.com\/index.php?rest_route=%2Fwp%2Fv2%2Fmedia&parent=59"}],"curies":[{"name":"wp","href":"https:\/\/api.w.org\/{rel}","templated":true}]}}