{"id":57,"date":"2018-07-10T09:01:11","date_gmt":"2018-07-10T09:01:11","guid":{"rendered":"https:\/\/jardinerosdecantabria.com\/?page_id=57"},"modified":"2018-07-10T09:01:11","modified_gmt":"2018-07-10T09:01:11","slug":"servicios","status":"publish","type":"page","link":"https:\/\/jardinerosdecantabria.com\/?page_id=57","title":{"rendered":"Servicios"},"content":{"rendered":"<h2>Ventajas y beneficios para los asociados de AJAC<\/h2>\n<p><img loading=\"lazy\" decoding=\"async\" class=\"aligncenter size-full wp-image-22\" src=\"https:\/\/jardinerosdecantabria.com\/wp-content\/uploads\/2018\/07\/publicidad_repsol.jpg\" alt=\"\" width=\"570\" height=\"172\" srcset=\"https:\/\/jardinerosdecantabria.com\/wp-content\/uploads\/2018\/07\/publicidad_repsol.jpg 570w, https:\/\/jardinerosdecantabria.com\/wp-content\/uploads\/2018\/07\/publicidad_repsol-300x91.jpg 300w\" sizes=\"auto, (max-width: 570px) 100vw, 570px\" \/><\/p>\n<p><img loading=\"lazy\" decoding=\"async\" class=\"aligncenter size-full wp-image-21\" src=\"https:\/\/jardinerosdecantabria.com\/wp-content\/uploads\/2018\/07\/publicidad_reina.jpg\" alt=\"\" width=\"571\" height=\"172\" srcset=\"https:\/\/jardinerosdecantabria.com\/wp-content\/uploads\/2018\/07\/publicidad_reina.jpg 571w, https:\/\/jardinerosdecantabria.com\/wp-content\/uploads\/2018\/07\/publicidad_reina-300x90.jpg 300w\" sizes=\"auto, (max-width: 571px) 100vw, 571px\" \/><\/p>\n<p><img loading=\"lazy\" decoding=\"async\" class=\"aligncenter size-full wp-image-18\" src=\"https:\/\/jardinerosdecantabria.com\/wp-content\/uploads\/2018\/07\/publicidad_costa_verde.jpg\" alt=\"\" width=\"571\" height=\"172\" srcset=\"https:\/\/jardinerosdecantabria.com\/wp-content\/uploads\/2018\/07\/publicidad_costa_verde.jpg 571w, https:\/\/jardinerosdecantabria.com\/wp-content\/uploads\/2018\/07\/publicidad_costa_verde-300x90.jpg 300w\" sizes=\"auto, (max-width: 571px) 100vw, 571px\" \/><\/p>\n<p><img loading=\"lazy\" decoding=\"async\" class=\"aligncenter size-full wp-image-16\" src=\"https:\/\/jardinerosdecantabria.com\/wp-content\/uploads\/2018\/07\/publicidad_bosque_jardin_altamira.jpg\" alt=\"\" width=\"571\" height=\"172\" srcset=\"https:\/\/jardinerosdecantabria.com\/wp-content\/uploads\/2018\/07\/publicidad_bosque_jardin_altamira.jpg 571w, https:\/\/jardinerosdecantabria.com\/wp-content\/uploads\/2018\/07\/publicidad_bosque_jardin_altamira-300x90.jpg 300w\" sizes=\"auto, (max-width: 571px) 100vw, 571px\" \/><\/p>\n<p><img loading=\"lazy\" decoding=\"async\" class=\"aligncenter size-full wp-image-20\" src=\"https:\/\/jardinerosdecantabria.com\/wp-content\/uploads\/2018\/07\/publicidad_gavira.jpg\" alt=\"\" width=\"571\" height=\"172\" srcset=\"https:\/\/jardinerosdecantabria.com\/wp-content\/uploads\/2018\/07\/publicidad_gavira.jpg 571w, https:\/\/jardinerosdecantabria.com\/wp-content\/uploads\/2018\/07\/publicidad_gavira-300x90.jpg 300w\" sizes=\"auto, (max-width: 571px) 100vw, 571px\" \/><\/p>\n<p><img loading=\"lazy\" decoding=\"async\" class=\"aligncenter size-full wp-image-23\" src=\"https:\/\/jardinerosdecantabria.com\/wp-content\/uploads\/2018\/07\/publicidad_rvm.jpg\" alt=\"\" width=\"571\" height=\"172\" srcset=\"https:\/\/jardinerosdecantabria.com\/wp-content\/uploads\/2018\/07\/publicidad_rvm.jpg 571w, https:\/\/jardinerosdecantabria.com\/wp-content\/uploads\/2018\/07\/publicidad_rvm-300x90.jpg 300w\" sizes=\"auto, (max-width: 571px) 100vw, 571px\" \/><\/p>\n<p><img loading=\"lazy\" decoding=\"async\" class=\"aligncenter size-full wp-image-24\" src=\"https:\/\/jardinerosdecantabria.com\/wp-content\/uploads\/2018\/07\/publicidad_taller_jose_luis.jpg\" alt=\"\" width=\"571\" height=\"172\" srcset=\"https:\/\/jardinerosdecantabria.com\/wp-content\/uploads\/2018\/07\/publicidad_taller_jose_luis.jpg 571w, https:\/\/jardinerosdecantabria.com\/wp-content\/uploads\/2018\/07\/publicidad_taller_jose_luis-300x90.jpg 300w\" sizes=\"auto, (max-width: 571px) 100vw, 571px\" \/><\/p>\n<p><img loading=\"lazy\" decoding=\"async\" class=\"aligncenter size-full wp-image-15\" src=\"https:\/\/jardinerosdecantabria.com\/wp-content\/uploads\/2018\/07\/publicidad_agrocampo.jpg\" alt=\"\" width=\"571\" height=\"172\" srcset=\"https:\/\/jardinerosdecantabria.com\/wp-content\/uploads\/2018\/07\/publicidad_agrocampo.jpg 571w, https:\/\/jardinerosdecantabria.com\/wp-content\/uploads\/2018\/07\/publicidad_agrocampo-300x90.jpg 300w\" sizes=\"auto, (max-width: 571px) 100vw, 571px\" \/><\/p>\n<p><img loading=\"lazy\" decoding=\"async\" class=\"aligncenter size-full wp-image-25\" src=\"https:\/\/jardinerosdecantabria.com\/wp-content\/uploads\/2018\/07\/publicidadesva.jpg\" alt=\"\" width=\"571\" height=\"172\" srcset=\"https:\/\/jardinerosdecantabria.com\/wp-content\/uploads\/2018\/07\/publicidadesva.jpg 571w, https:\/\/jardinerosdecantabria.com\/wp-content\/uploads\/2018\/07\/publicidadesva-300x90.jpg 300w\" sizes=\"auto, (max-width: 571px) 100vw, 571px\" \/><\/p>\n<p><img loading=\"lazy\" decoding=\"async\" class=\"aligncenter size-full wp-image-17\" src=\"https:\/\/jardinerosdecantabria.com\/wp-content\/uploads\/2018\/07\/publicidad_cantabradeturba.jpg\" alt=\"\" width=\"571\" height=\"172\" srcset=\"https:\/\/jardinerosdecantabria.com\/wp-content\/uploads\/2018\/07\/publicidad_cantabradeturba.jpg 571w, https:\/\/jardinerosdecantabria.com\/wp-content\/uploads\/2018\/07\/publicidad_cantabradeturba-300x90.jpg 300w\" sizes=\"auto, (max-width: 571px) 100vw, 571px\" \/><\/p>\n<p><img loading=\"lazy\" decoding=\"async\" class=\"aligncenter size-full wp-image-19\" src=\"https:\/\/jardinerosdecantabria.com\/wp-content\/uploads\/2018\/07\/publicidad_ganesh.jpg\" alt=\"\" width=\"571\" height=\"172\" srcset=\"https:\/\/jardinerosdecantabria.com\/wp-content\/uploads\/2018\/07\/publicidad_ganesh.jpg 571w, https:\/\/jardinerosdecantabria.com\/wp-content\/uploads\/2018\/07\/publicidad_ganesh-300x90.jpg 300w\" sizes=\"auto, (max-width: 571px) 100vw, 571px\" \/><\/p>\n<h3>Otras Colaboraciones:<\/h3>\n<p>Suministros Fitosem<\/p>\n<p>Comercial Escallada<\/p>\n<p>Esparta &#8211; Factor\u00eda de Protecci\u00f3n<\/p>\n<p>Asesor\u00eda MGM<\/p>\n","protected":false},"excerpt":{"rendered":"<p>Ventajas y beneficios para los asociados de AJAC Otras Colaboraciones: Suministros Fitosem Comercial Escallada Esparta &#8211; Factor\u00eda de Protecci\u00f3n Asesor\u00eda &hellip; <a href=\"https:\/\/jardinerosdecantabria.com\/?page_id=57\" class=\"more-link\">Continue reading <span class=\"screen-reader-text\">Servicios<\/span><\/a><\/p>\n","protected":false},"author":1,"featured_media":0,"parent":0,"menu_order":0,"comment_status":"closed","ping_status":"closed","template":"page-templates\/no-sidebar.php","meta":{"jetpack_post_was_ever_published":false,"footnotes":""},"class_list":["post-57","page","type-page","status-publish","hentry"],"jetpack_sharing_enabled":true,"jetpack_shortlink":"https:\/\/wp.me\/Pa44ln-V","_links":{"self":[{"href":"https:\/\/jardinerosdecantabria.com\/index.php?rest_route=\/wp\/v2\/pages\/57","targetHints":{"allow":["GET"]}}],"collection":[{"href":"https:\/\/jardinerosdecantabria.com\/index.php?rest_route=\/wp\/v2\/pages"}],"about":[{"href":"https:\/\/jardinerosdecantabria.com\/index.php?rest_route=\/wp\/v2\/types\/page"}],"author":[{"embeddable":true,"href":"https:\/\/jardinerosdecantabria.com\/index.php?rest_route=\/wp\/v2\/users\/1"}],"replies":[{"embeddable":true,"href":"https:\/\/jardinerosdecantabria.com\/index.php?rest_route=%2Fwp%2Fv2%2Fcomments&post=57"}],"version-history":[{"count":1,"href":"https:\/\/jardinerosdecantabria.com\/index.php?rest_route=\/wp\/v2\/pages\/57\/revisions"}],"predecessor-version":[{"id":58,"href":"https:\/\/jardinerosdecantabria.com\/index.php?rest_route=\/wp\/v2\/pages\/57\/revisions\/58"}],"wp:attachment":[{"href":"https:\/\/jardinerosdecantabria.com\/index.php?rest_route=%2Fwp%2Fv2%2Fmedia&parent=57"}],"curies":[{"name":"wp","href":"https:\/\/api.w.org\/{rel}","templated":true}]}}