{"id":437,"date":"2023-02-03T16:47:06","date_gmt":"2023-02-03T16:47:06","guid":{"rendered":"http:\/\/jardinerosdecantabria.com\/?page_id=437"},"modified":"2023-02-03T16:56:14","modified_gmt":"2023-02-03T16:56:14","slug":"fernando-santamaria","status":"publish","type":"page","link":"https:\/\/jardinerosdecantabria.com\/?page_id=437","title":{"rendered":"FERNANDO SANTAMAR\u00cdA"},"content":{"rendered":"\n<h2 class=\"wp-block-heading\">FERNANDO SANTAMAR\u00cdA<\/h2>\n\n\n\n<p>Fernando Santamar\u00eda Lia\u00f1o<br>Pol\u00edgono Trascueto, Parcela 4<br>Revilla de Camargo<br>39600<br>942 25 50 54<br><a href=\"mailto:info@fernando-santamaria.com\">info@fernando-santamaria.com<\/a><\/p>\n","protected":false},"excerpt":{"rendered":"<p>FERNANDO SANTAMAR\u00cdA Fernando Santamar\u00eda Lia\u00f1oPol\u00edgono Trascueto, Parcela 4Revilla de Camargo39600942 25 50 54info@fernando-santamaria.com<\/p>\n","protected":false},"author":1,"featured_media":0,"parent":0,"menu_order":0,"comment_status":"closed","ping_status":"closed","template":"page-templates\/no-sidebar.php","meta":{"jetpack_post_was_ever_published":false,"footnotes":""},"class_list":["post-437","page","type-page","status-publish","hentry"],"jetpack_sharing_enabled":true,"jetpack_shortlink":"https:\/\/wp.me\/Pa44ln-73","_links":{"self":[{"href":"https:\/\/jardinerosdecantabria.com\/index.php?rest_route=\/wp\/v2\/pages\/437","targetHints":{"allow":["GET"]}}],"collection":[{"href":"https:\/\/jardinerosdecantabria.com\/index.php?rest_route=\/wp\/v2\/pages"}],"about":[{"href":"https:\/\/jardinerosdecantabria.com\/index.php?rest_route=\/wp\/v2\/types\/page"}],"author":[{"embeddable":true,"href":"https:\/\/jardinerosdecantabria.com\/index.php?rest_route=\/wp\/v2\/users\/1"}],"replies":[{"embeddable":true,"href":"https:\/\/jardinerosdecantabria.com\/index.php?rest_route=%2Fwp%2Fv2%2Fcomments&post=437"}],"version-history":[{"count":1,"href":"https:\/\/jardinerosdecantabria.com\/index.php?rest_route=\/wp\/v2\/pages\/437\/revisions"}],"predecessor-version":[{"id":438,"href":"https:\/\/jardinerosdecantabria.com\/index.php?rest_route=\/wp\/v2\/pages\/437\/revisions\/438"}],"wp:attachment":[{"href":"https:\/\/jardinerosdecantabria.com\/index.php?rest_route=%2Fwp%2Fv2%2Fmedia&parent=437"}],"curies":[{"name":"wp","href":"https:\/\/api.w.org\/{rel}","templated":true}]}}