{"id":338,"date":"2021-02-05T11:17:16","date_gmt":"2021-02-05T11:17:16","guid":{"rendered":"http:\/\/jardinerosdecantabria.com\/?page_id=338"},"modified":"2021-02-05T11:17:22","modified_gmt":"2021-02-05T11:17:22","slug":"el-jardin-de-eme","status":"publish","type":"page","link":"https:\/\/jardinerosdecantabria.com\/?page_id=338","title":{"rendered":"EL JARD\u00cdN DE EME"},"content":{"rendered":"<h2>EL JARD\u00cdN DE EME<\/h2>\n<p>Iv\u00e1n Garc\u00eda G\u00f3mez<br \/>\nc\/ Alonso de Camino 494<br \/>\nAjo<br \/>\n39170<br \/>\n622 06 23 79<\/p>\n","protected":false},"excerpt":{"rendered":"<p>EL JARD\u00cdN DE EME Iv\u00e1n Garc\u00eda G\u00f3mez c\/ Alonso de Camino 494 Ajo 39170 622 06 23 79<\/p>\n","protected":false},"author":1,"featured_media":0,"parent":0,"menu_order":0,"comment_status":"closed","ping_status":"closed","template":"page-templates\/no-sidebar.php","meta":{"jetpack_post_was_ever_published":false,"footnotes":""},"class_list":["post-338","page","type-page","status-publish","hentry"],"jetpack_sharing_enabled":true,"jetpack_shortlink":"https:\/\/wp.me\/Pa44ln-5s","_links":{"self":[{"href":"https:\/\/jardinerosdecantabria.com\/index.php?rest_route=\/wp\/v2\/pages\/338","targetHints":{"allow":["GET"]}}],"collection":[{"href":"https:\/\/jardinerosdecantabria.com\/index.php?rest_route=\/wp\/v2\/pages"}],"about":[{"href":"https:\/\/jardinerosdecantabria.com\/index.php?rest_route=\/wp\/v2\/types\/page"}],"author":[{"embeddable":true,"href":"https:\/\/jardinerosdecantabria.com\/index.php?rest_route=\/wp\/v2\/users\/1"}],"replies":[{"embeddable":true,"href":"https:\/\/jardinerosdecantabria.com\/index.php?rest_route=%2Fwp%2Fv2%2Fcomments&post=338"}],"version-history":[{"count":1,"href":"https:\/\/jardinerosdecantabria.com\/index.php?rest_route=\/wp\/v2\/pages\/338\/revisions"}],"predecessor-version":[{"id":339,"href":"https:\/\/jardinerosdecantabria.com\/index.php?rest_route=\/wp\/v2\/pages\/338\/revisions\/339"}],"wp:attachment":[{"href":"https:\/\/jardinerosdecantabria.com\/index.php?rest_route=%2Fwp%2Fv2%2Fmedia&parent=338"}],"curies":[{"name":"wp","href":"https:\/\/api.w.org\/{rel}","templated":true}]}}